{"id":689,"date":"2023-07-24T07:34:00","date_gmt":"2023-07-24T07:34:00","guid":{"rendered":"https:\/\/remap.stir.ac.uk\/about\/"},"modified":"2024-01-09T09:58:21","modified_gmt":"2024-01-09T09:58:21","slug":"sobre-el-proyecto","status":"publish","type":"page","link":"https:\/\/remap.stir.ac.uk\/es\/sobre-el-proyecto\/","title":{"rendered":"Sobre el proyecto"},"content":{"rendered":"<div class=\"wpb-content-wrapper\">[vc_row][vc_column width=\u00bb3\/4&#8243;][vc_column_text css=\u00bb.vc_custom_1704794299142{margin-bottom: 0px !important;}\u00bb]\n<p style=\"font-weight: 400;\">El consumo de tabaco es una de las principales causas de enfermedad, muerte temprana e inequidades en salud. En Am\u00e9rica Latina, el tabaco es responsable de cerca de un mill\u00f3n de muertes al a\u00f1o.<\/p>\n<p style=\"font-weight: 400;\">La prevalencia del uso de tabaco en adolescentes en Am\u00e9rica Latina fue la mayor del mundo al inicio del siglo y, aunque ha disminuido, en muchos pa\u00edses de la regi\u00f3n, las tasas de tabaquismo en adolescentes de 13-15 a\u00f1os de edad siguen siendo m\u00e1s altas que para los adultos.<\/p>\n<p style=\"font-weight: 400;\">Un problema significativo en Am\u00e9rica Latina es el r\u00e1pido crecimiento de las ventas de los cigarrillos saborizados, especialmente en Argentina, Guatemala, M\u00e9xico y Per\u00fa, donde se registra que tienen entre el 20% y el 55% del mercado del tabaco <em>(Moodie et al., 2023)<\/em>. El crecimiento en estos pa\u00edses, y en gran parte de Am\u00e9rica Latina, se debe a que la industria del tabaco ha innovado en estrategias de publicidad, espec\u00edficamente con la introducci\u00f3n de cigarrillos con c\u00e1psulas de sabores en el filtro.<\/p>\n<p style=\"font-weight: 400;\">Puede haber hasta tres c\u00e1psulas en un filtro, cada una de las cuales puede apretarse para liberar un l\u00edquido o polvo que cambia el sabor <em>(Moodie et al., 2019)<\/em>.<\/p>\n<p class=\"paragraph\"><span style=\"font-weight: 400;\">A pesar de ser una de las innovaciones de producto m\u00e1s exitosas y recientes en la industria del tabaco, y presentar un gran atractivo para la juventud, s\u00f3lo se cuenta con aproximadamente 20 estudios de cigarros con c\u00e1psula <em>(Kyriakos et al., 2022)<\/em>.<\/span><\/p>\n[\/vc_column_text][\/vc_column][vc_column width=\u00bb1\/4&#8243;][vc_column_text css=\u00bb.vc_custom_1698249089932{margin-bottom: 0px !important;}\u00bb]<img loading=\"lazy\" decoding=\"async\" class=\"size-full wp-image-1216 alignright\" src=\"https:\/\/remap.stir.ac.uk\/wp-content\/uploads\/2023\/10\/cigarettes-with-capsules.jpg\" alt=\"\" width=\"150\" height=\"407\" srcset=\"https:\/\/remap.stir.ac.uk\/wp-content\/uploads\/2023\/10\/cigarettes-with-capsules.jpg 150w, https:\/\/remap.stir.ac.uk\/wp-content\/uploads\/2023\/10\/cigarettes-with-capsules-111x300.jpg 111w\" sizes=\"auto, (max-width: 150px) 100vw, 150px\" \/>[\/vc_column_text][\/vc_column][\/vc_row][vc_row][vc_column width=\u00bb1\/3&#8243;][vc_column_text css=\u00bb.vc_custom_1698249109371{margin-bottom: 0px !important;}\u00bb]<img loading=\"lazy\" decoding=\"async\" class=\"alignnone size-full wp-image-1218\" src=\"https:\/\/remap.stir.ac.uk\/wp-content\/uploads\/2023\/10\/toxic-cigarettes-1-1.jpg\" alt=\"\" width=\"600\" height=\"402\" srcset=\"https:\/\/remap.stir.ac.uk\/wp-content\/uploads\/2023\/10\/toxic-cigarettes-1-1.jpg 600w, https:\/\/remap.stir.ac.uk\/wp-content\/uploads\/2023\/10\/toxic-cigarettes-1-1-300x201.jpg 300w\" sizes=\"auto, (max-width: 600px) 100vw, 600px\" \/>[\/vc_column_text][\/vc_column][vc_column width=\u00bb2\/3&#8243;][vc_column_text css=\u00bb.vc_custom_1694185652823{margin-bottom: 0px !important;}\u00bb]\n<p style=\"font-weight: 400;\">Ya que el cigarrillo mismo es un elemento importante para las compa\u00f1\u00edas de tabaco como medio de promoci\u00f3n, una propuesta ser\u00eda hacer el cigarrillo menos atractivo. Estos cigarrillos son llamados habitualmente \u201ccigarrillos disuasivos\u201d, ya sea por ser de un color no atractivo, mostrar una advertencia sanitaria o ambos.<\/p>\n<p style=\"font-weight: 400;\">Estudios publicados al respecto apoyan la propuesta de los cigarrillos disuasivos <em>(Al-Zalabani et al., in press), <\/em>y a partir del 2024 Canada lo requerir\u00e1 para todos los cigarrillos.<\/p>\n<p style=\"font-weight: 400;\">Sin embargo, todas las investigaciones se han realizado en pa\u00edses de altos ingresos \u00a0\u00a0\u00a0\u00a0\u00a0con pol\u00edticas fuertes para el control de tabaco, mientras que no se cuenta con investigaciones sobre cigarrillos disuasivos en Am\u00e9rica\u00a0Latina <em>(Al-Zalabani et al., in press)<\/em>.<\/p>\n[\/vc_column_text][\/vc_column][\/vc_row][vc_row][vc_column][vc_column_text css=\u00bb.vc_custom_1694185666187{margin-bottom: 0px !important;}\u00bb]\n<p style=\"font-weight: 400;\">El Proyecto REMAP es financiado por el Consejo de Investigaci\u00f3n M\u00e9dica (MRC por sus siglas en ingl\u00e9s) y tiene el objetivo de entender c\u00f3mo la industria del tabaco publicita los cigarrillos saborizados en cuatro pa\u00edses de Am\u00e9rica\u00a0Latina (Argentina, Guatemala, M\u00e9xico, Per\u00fa), el impacto que tiene en los h\u00e1bitos, actitudes, intenciones y comportamientos de los adolescentes respecto al consumo de tabaco, y si los \u201ccigarrillos disuasivos\u201d pueden desalentar a los adolescentes de fumar.<\/p>\n<p style=\"font-weight: 400;\">Se realizar\u00e1n tres estudios interrelacionados. El primero, en 2023, explor\u00f3 c\u00f3mo se comercializan y publicitan los cigarrillos saborizados tanto en los puntos de venta, como mediante los paquetes y los cigarrillos mismos. Para ello se monitorearon aproximadamente 500 tiendas en cada uno de los cuatro pa\u00edses de nuestro estudio (Argentina, Guatemala, M\u00e9xico, Per\u00fa), recolect\u00e1ndose adem\u00e1s paquetes y cigarrillos individuales. Las im\u00e1genes de las cajetillas, los cigarrillos y los puntos de venta de tabaco se pueden ver en el sitio.<\/p>\n<p style=\"font-weight: 400;\">El segundo estudio explorar\u00e1 c\u00f3mo los adolescentes perciben los cigarrillos saborizados, su publicidad, y los cigarrillos disuasivos, mediante peque\u00f1os grupos de discusi\u00f3n.<\/p>\n<p style=\"font-weight: 400;\">El tercer estudio incluir\u00e1 encuestas escolares para evaluar si el dise\u00f1o mismo de los cigarrillos se puede utilizar para reducir la atracci\u00f3n y el inter\u00e9s por fumar.<\/p>\n[\/vc_column_text][\/vc_column][\/vc_row]\n<\/div>","protected":false},"excerpt":{"rendered":"<p>[vc_row][vc_column width=\u00bb3\/4&#8243;][vc_column_text css=\u00bb.vc_custom_1704794299142{margin-bottom: 0px !important;}\u00bb] El consumo de tabaco es una de las principales causas de enfermedad, muerte temprana e inequidades en salud. En Am\u00e9rica Latina, el tabaco es responsable de cerca de un mill\u00f3n de muertes al a\u00f1o. La prevalencia del uso de tabaco en adolescentes en Am\u00e9rica Latina fue la mayor del mundo [&hellip;]<\/p>\n","protected":false},"author":8,"featured_media":0,"parent":0,"menu_order":0,"comment_status":"closed","ping_status":"closed","template":"","meta":{"om_disable_all_campaigns":false,"rs_blank_template":"","rs_page_bg_color":"","slide_template_v7":"","_monsterinsights_skip_tracking":false,"_monsterinsights_sitenote_active":false,"_monsterinsights_sitenote_note":"","_monsterinsights_sitenote_category":0,"_uf_show_specific_survey":0,"_uf_disable_surveys":false,"footnotes":""},"class_list":["post-689","page","type-page","status-publish","hentry"],"aioseo_notices":[],"_links":{"self":[{"href":"https:\/\/remap.stir.ac.uk\/es\/wp-json\/wp\/v2\/pages\/689","targetHints":{"allow":["GET"]}}],"collection":[{"href":"https:\/\/remap.stir.ac.uk\/es\/wp-json\/wp\/v2\/pages"}],"about":[{"href":"https:\/\/remap.stir.ac.uk\/es\/wp-json\/wp\/v2\/types\/page"}],"author":[{"embeddable":true,"href":"https:\/\/remap.stir.ac.uk\/es\/wp-json\/wp\/v2\/users\/8"}],"replies":[{"embeddable":true,"href":"https:\/\/remap.stir.ac.uk\/es\/wp-json\/wp\/v2\/comments?post=689"}],"version-history":[{"count":0,"href":"https:\/\/remap.stir.ac.uk\/es\/wp-json\/wp\/v2\/pages\/689\/revisions"}],"wp:attachment":[{"href":"https:\/\/remap.stir.ac.uk\/es\/wp-json\/wp\/v2\/media?parent=689"}],"curies":[{"name":"wp","href":"https:\/\/api.w.org\/{rel}","templated":true}]}}