{"id":10150,"date":"2024-06-20T22:12:17","date_gmt":"2024-06-20T22:12:17","guid":{"rendered":"https:\/\/remap.stir.ac.uk\/?post_type=product&#038;p=10150"},"modified":"2024-06-21T04:34:04","modified_gmt":"2024-06-21T04:34:04","slug":"marlboro-crafted","status":"publish","type":"product","link":"https:\/\/remap.stir.ac.uk\/es\/producto\/marlboro-crafted\/","title":{"rendered":"Marlboro Crafted"},"content":{"rendered":"","protected":false},"excerpt":{"rendered":"<p><strong>Marca y variedad:<\/strong>\u00a0Marlboro Crafted<\/p>\n<p><strong>Cantidad:<\/strong>\u00a010<\/p>\n<p><strong>Tipo de paquete:<\/strong>\u00a0Rigido<\/p>\n<p><strong>Material de la paquete:<\/strong>\u00a0Cart\u00f3n<\/p>\n<p><strong>Funda o cubierta de la paquete:<\/strong>\u00a0No<\/p>\n<p><strong>Inserto:<\/strong>\u00a0No<\/p>\n<p><strong>Cigarrillos saborizados (sin c\u00e1psula):<\/strong>\u00a0No<\/p>\n<p><strong>Cigarrillos saborizados\u00a0(c\u00e1psula):<\/strong>\u00a0No<\/p>\n<p><strong>Edici\u00f3n limitada\/especial:\u00a0<\/strong>No<\/p>\n<p><strong>Comunicaci\u00f3n adicional:<\/strong> S\u00ed (n\u00famero de tel\u00e9fono)<\/p>\n<p><strong>Ubicaci\u00f3n: <\/strong>Quito, Ecuador<\/p>\n<p><strong>Tipo de punto de venta:<\/strong>\u00a0Tienda de barrio<\/p>\n<p><strong>Precio: <\/strong>2.25 US d\u00f3lares<\/p>\n<p><strong>\u00a0<\/strong><\/p>\n<p>&nbsp;<\/p>\n<p><strong>Informaci\u00f3n adicional<\/strong><\/p>\n<p><strong>TIPO DE PRODUCTO<\/strong>\u00a0<em>Cigarrillos <\/em><\/p>\n<p><strong>MARCA<\/strong>\u00a0<em>Marlboro <\/em><\/p>\n<p><strong>PA\u00cdS\u00a0<\/strong><em>Ecuador<\/em><\/p>\n<p><strong>FECHA DE RECOLECCI\u00d3N\u00a0<\/strong><em>Mayo 2024<\/em><\/p>\n","protected":false},"featured_media":10135,"template":"","meta":{"om_disable_all_campaigns":false,"rs_blank_template":"","rs_page_bg_color":"","slide_template_v7":"","_monsterinsights_skip_tracking":false,"_monsterinsights_sitenote_active":false,"_monsterinsights_sitenote_note":"","_monsterinsights_sitenote_category":0,"_uf_show_specific_survey":0,"_uf_disable_surveys":false},"product_brand":[],"product_cat":[243,260],"product_tag":[],"class_list":{"0":"post-10150","1":"product","2":"type-product","3":"status-publish","4":"has-post-thumbnail","6":"product_cat-cajetillas","7":"product_cat-marlboro-es","9":"first","10":"instock","11":"shipping-taxable","12":"product-type-simple"},"aioseo_notices":[],"_links":{"self":[{"href":"https:\/\/remap.stir.ac.uk\/es\/wp-json\/wp\/v2\/product\/10150","targetHints":{"allow":["GET"]}}],"collection":[{"href":"https:\/\/remap.stir.ac.uk\/es\/wp-json\/wp\/v2\/product"}],"about":[{"href":"https:\/\/remap.stir.ac.uk\/es\/wp-json\/wp\/v2\/types\/product"}],"wp:featuredmedia":[{"embeddable":true,"href":"https:\/\/remap.stir.ac.uk\/es\/wp-json\/wp\/v2\/media\/10135"}],"wp:attachment":[{"href":"https:\/\/remap.stir.ac.uk\/es\/wp-json\/wp\/v2\/media?parent=10150"}],"wp:term":[{"taxonomy":"product_brand","embeddable":true,"href":"https:\/\/remap.stir.ac.uk\/es\/wp-json\/wp\/v2\/product_brand?post=10150"},{"taxonomy":"product_cat","embeddable":true,"href":"https:\/\/remap.stir.ac.uk\/es\/wp-json\/wp\/v2\/product_cat?post=10150"},{"taxonomy":"product_tag","embeddable":true,"href":"https:\/\/remap.stir.ac.uk\/es\/wp-json\/wp\/v2\/product_tag?post=10150"}],"curies":[{"name":"wp","href":"https:\/\/api.w.org\/{rel}","templated":true}]}}