{"id":12146,"date":"2024-07-26T09:12:49","date_gmt":"2024-07-26T09:12:49","guid":{"rendered":"https:\/\/remap.stir.ac.uk\/?post_type=product&#038;p=12146"},"modified":"2024-07-26T09:13:27","modified_gmt":"2024-07-26T09:13:27","slug":"lion-rolling-circus-pre-rolled","status":"publish","type":"product","link":"https:\/\/remap.stir.ac.uk\/es\/producto\/lion-rolling-circus-pre-rolled\/","title":{"rendered":"Lion Rolling Circus Pre-rolled"},"content":{"rendered":"","protected":false},"excerpt":{"rendered":"<p><strong>Marca y variedad: <\/strong>Lion Rolling Circus Tips Pre-rolled unbleached<\/p>\n<p><strong>Sabor\/c\u00e1psula del filtro: <\/strong>No<\/p>\n<p><strong>Edici\u00f3n limitada\/especial:<\/strong>\u00a0No<\/p>\n<p><strong>Comunicaci\u00f3n adicional: <\/strong>S\u00ed (c\u00f3digo QR, correo electr\u00f3nico, sitio web, Facebook, Instagram)<\/p>\n<p><strong>Material del filtro: <\/strong>Cartulina<\/p>\n<p><strong>Color del filtro: <\/strong>Sin blanquear<\/p>\n<p><strong>Tama\u00f1o del filtro: <\/strong>Regular<\/p>\n<p><strong>Ubicaci\u00f3n:<\/strong>\u00a0Quito, Ecuador<\/p>\n<p><strong>Tipo de punto de venta:<\/strong>\u00a0Tienda de barrio<\/p>\n<p><strong>Precio:<\/strong>\u00a0$3.70<\/p>\n<p><strong>\u00a0<\/strong><\/p>\n<p><strong>Informaci\u00f3n Adicional<\/strong><\/p>\n<p><strong>TIPO DE PRODUCTO <\/strong><em>Filtro<\/em><\/p>\n<p><strong>MARCA<\/strong>\u00a0<em>Lion Rolling Circus<\/em><\/p>\n<p><strong>PA\u00cdS\u00a0<\/strong><em>Ecuador<\/em><\/p>\n<p><strong>FECHA DE RECOLECCI\u00d3N<\/strong><em> Mayo 2024<\/em><\/p>\n","protected":false},"featured_media":12143,"template":"","meta":{"om_disable_all_campaigns":false,"rs_blank_template":"","rs_page_bg_color":"","slide_template_v7":"","_monsterinsights_skip_tracking":false,"_monsterinsights_sitenote_active":false,"_monsterinsights_sitenote_note":"","_monsterinsights_sitenote_category":0,"_uf_show_specific_survey":0,"_uf_disable_surveys":false},"product_brand":[],"product_cat":[892,889,979],"product_tag":[],"class_list":{"0":"post-12146","1":"product","2":"type-product","3":"status-publish","4":"has-post-thumbnail","6":"product_cat-accesorios-de-tabaco-para-armar-2024","7":"product_cat-ecuador-2-es","8":"product_cat-lion-rolling-circus-2-es","10":"first","11":"instock","12":"shipping-taxable","13":"product-type-simple"},"aioseo_notices":[],"_links":{"self":[{"href":"https:\/\/remap.stir.ac.uk\/es\/wp-json\/wp\/v2\/product\/12146","targetHints":{"allow":["GET"]}}],"collection":[{"href":"https:\/\/remap.stir.ac.uk\/es\/wp-json\/wp\/v2\/product"}],"about":[{"href":"https:\/\/remap.stir.ac.uk\/es\/wp-json\/wp\/v2\/types\/product"}],"wp:featuredmedia":[{"embeddable":true,"href":"https:\/\/remap.stir.ac.uk\/es\/wp-json\/wp\/v2\/media\/12143"}],"wp:attachment":[{"href":"https:\/\/remap.stir.ac.uk\/es\/wp-json\/wp\/v2\/media?parent=12146"}],"wp:term":[{"taxonomy":"product_brand","embeddable":true,"href":"https:\/\/remap.stir.ac.uk\/es\/wp-json\/wp\/v2\/product_brand?post=12146"},{"taxonomy":"product_cat","embeddable":true,"href":"https:\/\/remap.stir.ac.uk\/es\/wp-json\/wp\/v2\/product_cat?post=12146"},{"taxonomy":"product_tag","embeddable":true,"href":"https:\/\/remap.stir.ac.uk\/es\/wp-json\/wp\/v2\/product_tag?post=12146"}],"curies":[{"name":"wp","href":"https:\/\/api.w.org\/{rel}","templated":true}]}}