{"id":12243,"date":"2024-07-30T08:30:53","date_gmt":"2024-07-30T08:30:53","guid":{"rendered":"https:\/\/remap.stir.ac.uk\/?post_type=product&#038;p=12243"},"modified":"2024-07-30T08:31:20","modified_gmt":"2024-07-30T08:31:20","slug":"philip-morris-random-spin-2","status":"publish","type":"product","link":"https:\/\/remap.stir.ac.uk\/es\/producto\/philip-morris-random-spin-2\/","title":{"rendered":"Philip Morris Random Spin"},"content":{"rendered":"","protected":false},"excerpt":{"rendered":"<p><strong>Marca y variedad:<\/strong>\u00a0Philip Morris Random Spin<\/p>\n<p><strong>Cantidad:<\/strong>\u202f12<\/p>\n<p><strong>Tipo de paquete:<\/strong>\u202fR\u00edgido, tapa abatible<\/p>\n<p><strong>Material de la paquete:<\/strong>\u00a0Cart\u00f3n<\/p>\n<p><strong>Funda o cubierta de la paquete:<\/strong>\u00a0No<\/p>\n<p><strong>Inserto:<\/strong>\u202fNo<\/p>\n<p><strong>Cigarrillos saborizados:<\/strong>\u202fS\u00ed<\/p>\n<p><strong>Cigarrillos con\u202fc\u00e1psula:<\/strong>\u202fS\u00ed \u2013 3 c\u00e1psulas<\/p>\n<p><strong>Edici\u00f3n limitada\/especial:\u202f<\/strong>S\u00ed<\/p>\n<p><strong>Comunicaci\u00f3n adicional:\u202f<\/strong>S\u00ed (n\u00famero de tel\u00e9fono)<\/p>\n<p><strong>Ubicaci\u00f3n:<\/strong>\u202fCiudad de Buenos Aires, Argentina<\/p>\n<p><strong>Tipo de punto de venta:<\/strong>\u202fTienda de conveniencia<\/p>\n<p><strong>Precio:<\/strong>\u202f1000 pesos argentinos (1.23 US d\u00f3lares)<\/p>\n<p><strong>\u202f<\/strong><\/p>\n<p>&nbsp;<\/p>\n<p><strong>Informaci\u00f3n adicional<\/strong><\/p>\n<p><strong>TIPO DE PRODUCTO<\/strong>\u202f<em>Cigarrillos<\/em><\/p>\n<p><strong>MARCA<\/strong>\u202f<em>Philip Morris<\/em><\/p>\n<p><strong>PA\u00cdS\u202f<\/strong><em>Argentina<\/em><\/p>\n<p><strong>FECHA DE RECOLECCI\u00d3N\u00a0<\/strong><em>Diciembre 2023<\/em><\/p>\n<p>&nbsp;<\/p>\n","protected":false},"featured_media":12228,"template":"","meta":{"om_disable_all_campaigns":false,"rs_blank_template":"","rs_page_bg_color":"","slide_template_v7":"","_monsterinsights_skip_tracking":false,"_monsterinsights_sitenote_active":false,"_monsterinsights_sitenote_note":"","_monsterinsights_sitenote_category":0,"_uf_show_specific_survey":0,"_uf_disable_surveys":false},"product_brand":[],"product_cat":[913,289,300,270],"product_tag":[],"class_list":{"0":"post-12243","1":"product","2":"type-product","3":"status-publish","4":"has-post-thumbnail","6":"product_cat-2023-packs-es","7":"product_cat-argentina-es","8":"product_cat-cigarrillos","9":"product_cat-philip-morris-es","11":"first","12":"instock","13":"shipping-taxable","14":"product-type-simple"},"aioseo_notices":[],"_links":{"self":[{"href":"https:\/\/remap.stir.ac.uk\/es\/wp-json\/wp\/v2\/product\/12243","targetHints":{"allow":["GET"]}}],"collection":[{"href":"https:\/\/remap.stir.ac.uk\/es\/wp-json\/wp\/v2\/product"}],"about":[{"href":"https:\/\/remap.stir.ac.uk\/es\/wp-json\/wp\/v2\/types\/product"}],"wp:featuredmedia":[{"embeddable":true,"href":"https:\/\/remap.stir.ac.uk\/es\/wp-json\/wp\/v2\/media\/12228"}],"wp:attachment":[{"href":"https:\/\/remap.stir.ac.uk\/es\/wp-json\/wp\/v2\/media?parent=12243"}],"wp:term":[{"taxonomy":"product_brand","embeddable":true,"href":"https:\/\/remap.stir.ac.uk\/es\/wp-json\/wp\/v2\/product_brand?post=12243"},{"taxonomy":"product_cat","embeddable":true,"href":"https:\/\/remap.stir.ac.uk\/es\/wp-json\/wp\/v2\/product_cat?post=12243"},{"taxonomy":"product_tag","embeddable":true,"href":"https:\/\/remap.stir.ac.uk\/es\/wp-json\/wp\/v2\/product_tag?post=12243"}],"curies":[{"name":"wp","href":"https:\/\/api.w.org\/{rel}","templated":true}]}}