{"id":1256,"date":"2023-11-27T09:02:50","date_gmt":"2023-11-27T09:02:50","guid":{"rendered":"https:\/\/remap.stir.ac.uk\/product\/marlboro-rojo-20\/"},"modified":"2024-06-17T14:26:00","modified_gmt":"2024-06-17T14:26:00","slug":"marlboro-rojo-20","status":"publish","type":"product","link":"https:\/\/remap.stir.ac.uk\/es\/producto\/marlboro-rojo-20\/","title":{"rendered":"Marlboro Rojo"},"content":{"rendered":"","protected":false},"excerpt":{"rendered":"<p><strong>Marca y variedad:<\/strong> Marlboro Rojo<\/p>\n<p><strong>Cantidad:<\/strong> 20<\/p>\n<p><strong>Tipo de paquete:<\/strong> R\u00edgido, Taba abatible<\/p>\n<p><strong>Material de la paquete:<\/strong> Cart\u00f3n<\/p>\n<p><strong>Funda o cubierta de la paquete:<\/strong> No<\/p>\n<p><strong>Inserto:<\/strong> No<\/p>\n<p><strong>Cigarrillos saborizados (sin c\u00e1psula):<\/strong> No<\/p>\n<p><strong>Cigarrillos saborizados (<\/strong><strong>c\u00e1psula)<\/strong><strong>:<\/strong> No<\/p>\n<p><strong>Edici\u00f3n limitada\/especial<\/strong><strong>:<\/strong> No<\/p>\n<p><strong>Comunicaci\u00f3n adicional: <\/strong>S\u00ed (n\u00famero de tel\u00e9fono)<\/p>\n<p><strong>Ubicaci\u00f3n:<\/strong> Monterrey, Mexico<\/p>\n<p><strong>Tipo de punto de venta<\/strong><strong>:<\/strong> Tienda de conveniencia<\/p>\n<p><strong>Precio<\/strong><strong>:<\/strong> 58.00 pesos mexicanos (3.26 US d\u00f3lares)<\/p>\n<p><strong>\u00a0<\/strong><\/p>\n<p>&nbsp;<\/p>\n<p><strong>Informaci\u00f3n adicional<\/strong><\/p>\n<p><strong>TIPO DE PRODUCTO <\/strong><em>Cigarrillos<\/em><\/p>\n<p><strong>MARCA <\/strong><em>Marlboro<\/em><strong>\u00a0\u00a0\u00a0\u00a0\u00a0\u00a0\u00a0\u00a0\u00a0\u00a0\u00a0\u00a0\u00a0\u00a0\u00a0\u00a0\u00a0\u00a0 <\/strong><em>\u00a0<\/em><\/p>\n<p><strong>PA\u00cdS <\/strong><em>Mexico<\/em><\/p>\n<p><strong>FECHA DE RECOLECCI\u00d3N <\/strong><em>May 2023<\/em><\/p>\n","protected":false},"featured_media":1241,"template":"","meta":{"om_disable_all_campaigns":false,"rs_blank_template":"","rs_page_bg_color":"","slide_template_v7":"","_monsterinsights_skip_tracking":false,"_monsterinsights_sitenote_active":false,"_monsterinsights_sitenote_note":"","_monsterinsights_sitenote_category":0,"_uf_show_specific_survey":0,"_uf_disable_surveys":false},"product_brand":[],"product_cat":[913,300,260,292],"product_tag":[],"class_list":{"0":"post-1256","1":"product","2":"type-product","3":"status-publish","4":"has-post-thumbnail","6":"product_cat-2023-packs-es","7":"product_cat-cigarrillos","8":"product_cat-marlboro-es","9":"product_cat-mexico-es","11":"first","12":"instock","13":"shipping-taxable","14":"product-type-simple"},"aioseo_notices":[],"_links":{"self":[{"href":"https:\/\/remap.stir.ac.uk\/es\/wp-json\/wp\/v2\/product\/1256","targetHints":{"allow":["GET"]}}],"collection":[{"href":"https:\/\/remap.stir.ac.uk\/es\/wp-json\/wp\/v2\/product"}],"about":[{"href":"https:\/\/remap.stir.ac.uk\/es\/wp-json\/wp\/v2\/types\/product"}],"wp:featuredmedia":[{"embeddable":true,"href":"https:\/\/remap.stir.ac.uk\/es\/wp-json\/wp\/v2\/media\/1241"}],"wp:attachment":[{"href":"https:\/\/remap.stir.ac.uk\/es\/wp-json\/wp\/v2\/media?parent=1256"}],"wp:term":[{"taxonomy":"product_brand","embeddable":true,"href":"https:\/\/remap.stir.ac.uk\/es\/wp-json\/wp\/v2\/product_brand?post=1256"},{"taxonomy":"product_cat","embeddable":true,"href":"https:\/\/remap.stir.ac.uk\/es\/wp-json\/wp\/v2\/product_cat?post=1256"},{"taxonomy":"product_tag","embeddable":true,"href":"https:\/\/remap.stir.ac.uk\/es\/wp-json\/wp\/v2\/product_tag?post=1256"}],"curies":[{"name":"wp","href":"https:\/\/api.w.org\/{rel}","templated":true}]}}