{"id":13586,"date":"2024-09-19T15:38:14","date_gmt":"2024-09-19T15:38:14","guid":{"rendered":"https:\/\/remap.stir.ac.uk\/?post_type=product&#038;p=13586"},"modified":"2024-09-19T15:38:43","modified_gmt":"2024-09-19T15:38:43","slug":"marlboro-vista-limited-edition","status":"publish","type":"product","link":"https:\/\/remap.stir.ac.uk\/es\/producto\/marlboro-vista-limited-edition\/","title":{"rendered":"Marlboro Vista Limited Edition"},"content":{"rendered":"","protected":false},"excerpt":{"rendered":"<p><strong>Marca y variedad:<\/strong>\u00a0Marlboro Vista Limited Edition<\/p>\n<p><strong>Cantidad:<\/strong> 20<\/p>\n<p><strong>Tipo de paquete:<\/strong>\u00a0R\u00edgido, tapa abatible<\/p>\n<p><strong>Material del paquete:<\/strong>\u00a0Cart\u00f3n<\/p>\n<p><strong>Funda o cubierta del paquete:<\/strong>\u00a0No<\/p>\n<p><strong>Inserto:<\/strong>\u00a0S\u00ed<\/p>\n<p><strong>Cigarrillos saborizados (sin c\u00e1psula):<\/strong>\u00a0No<\/p>\n<p><strong>Cigarrillos saborizados\u00a0(c\u00e1psula):<\/strong> S\u00ed \u2013 2 c\u00e1psulas<\/p>\n<p><strong>Edici\u00f3n limitada\/especial:\u00a0<\/strong>S\u00ed &#8211; Vista Limited edition<\/p>\n<p><strong>Comunicaci\u00f3n adicional:<\/strong> S\u00ed (N\u00famero de tel\u00e9fono, c\u00f3digo QR)<\/p>\n<p><strong>Ubicaci\u00f3n:<\/strong> Ciudad Aut\u00f3noma de Buenos Aires, Argentina<\/p>\n<p><strong>Tipo de punto de venta:<\/strong>\u00a0Kiosco de cadena<\/p>\n<p><strong>Precio: <\/strong>2800 pesos argentinos (2.35 US D\u00f3lares)<\/p>\n<p><strong>\u00a0<\/strong><\/p>\n<p>&nbsp;<\/p>\n<p><strong>Informaci\u00f3n adicional<\/strong><\/p>\n<p><strong>TIPO DE PRODUCTO<\/strong>\u00a0<em>Cigarrillos con c\u00e1psula<\/em><\/p>\n<p><strong>MARCA<\/strong>\u00a0<em>Marlboro<\/em><\/p>\n<p><strong>PA\u00cdS\u00a0<\/strong><em>Argentina<\/em><\/p>\n<p><strong>FECHA DE RECOLECCI\u00d3N\u00a0<\/strong><em>Mayo 2024<\/em><\/p>\n","protected":false},"featured_media":13567,"template":"","meta":{"om_disable_all_campaigns":false,"rs_blank_template":"","rs_page_bg_color":"","slide_template_v7":"","_monsterinsights_skip_tracking":false,"_monsterinsights_sitenote_active":false,"_monsterinsights_sitenote_note":"","_monsterinsights_sitenote_category":0,"_uf_show_specific_survey":0,"_uf_disable_surveys":false},"product_brand":[],"product_cat":[553,289,243,300,260],"product_tag":[],"class_list":{"0":"post-13586","1":"product","2":"type-product","3":"status-publish","4":"has-post-thumbnail","6":"product_cat-2024-cajetillas","7":"product_cat-argentina-es","8":"product_cat-cajetillas","9":"product_cat-cigarrillos","10":"product_cat-marlboro-es","12":"first","13":"instock","14":"shipping-taxable","15":"product-type-simple"},"aioseo_notices":[],"_links":{"self":[{"href":"https:\/\/remap.stir.ac.uk\/es\/wp-json\/wp\/v2\/product\/13586","targetHints":{"allow":["GET"]}}],"collection":[{"href":"https:\/\/remap.stir.ac.uk\/es\/wp-json\/wp\/v2\/product"}],"about":[{"href":"https:\/\/remap.stir.ac.uk\/es\/wp-json\/wp\/v2\/types\/product"}],"wp:featuredmedia":[{"embeddable":true,"href":"https:\/\/remap.stir.ac.uk\/es\/wp-json\/wp\/v2\/media\/13567"}],"wp:attachment":[{"href":"https:\/\/remap.stir.ac.uk\/es\/wp-json\/wp\/v2\/media?parent=13586"}],"wp:term":[{"taxonomy":"product_brand","embeddable":true,"href":"https:\/\/remap.stir.ac.uk\/es\/wp-json\/wp\/v2\/product_brand?post=13586"},{"taxonomy":"product_cat","embeddable":true,"href":"https:\/\/remap.stir.ac.uk\/es\/wp-json\/wp\/v2\/product_cat?post=13586"},{"taxonomy":"product_tag","embeddable":true,"href":"https:\/\/remap.stir.ac.uk\/es\/wp-json\/wp\/v2\/product_tag?post=13586"}],"curies":[{"name":"wp","href":"https:\/\/api.w.org\/{rel}","templated":true}]}}