{"id":1476,"date":"2023-12-18T20:32:34","date_gmt":"2023-12-18T20:32:34","guid":{"rendered":"https:\/\/remap.stir.ac.uk\/product\/marlboro-crafted-forward\/"},"modified":"2024-06-17T15:01:38","modified_gmt":"2024-06-17T15:01:38","slug":"marlboro-crafted-forward","status":"publish","type":"product","link":"https:\/\/remap.stir.ac.uk\/es\/producto\/marlboro-crafted-forward\/","title":{"rendered":"Marlboro Crafted Forward"},"content":{"rendered":"","protected":false},"excerpt":{"rendered":"<p><strong>Marca y variedad:<\/strong>\u00a0Marlboro Crafted Forward<\/p>\n<p><strong>Cantidad:<\/strong>\u00a020<\/p>\n<p><strong>Tipo de paquete:<\/strong>\u00a0R\u00edgido, tapa abatible<\/p>\n<p><strong>Material de la paquete:<\/strong>\u00a0Cart\u00f3n<\/p>\n<p><strong>Funda o cubierta de la paquete:<\/strong>\u00a0No<\/p>\n<p><strong>Inserto:<\/strong>\u00a0No<\/p>\n<p><strong>Cigarrillos saborizados (sin c\u00e1psula):<\/strong>\u00a0No<\/p>\n<p><strong>Cigarrillos saborizados (c\u00e1psula):<\/strong>\u00a0S\u00ed \u2013 1 c\u00e1psula<\/p>\n<p><strong>Edici\u00f3n limitada\/especial:\u00a0<\/strong>No<\/p>\n<p><strong>Comunicaci\u00f3n adicional:\u00a0<\/strong>S\u00ed (n\u00famero de tel\u00e9fono)<\/p>\n<p><strong>Ubicaci\u00f3n:<\/strong>\u00a0Ciudad de Buenos Aires, Argentina<\/p>\n<p><strong>Tipo de punto de venta:<\/strong>\u00a0Tienda de conveniencia<\/p>\n<p><strong>Precio:<\/strong>\u00a0630 Pesos Argentinos (1.80 US d\u00f3lares)<\/p>\n<p><strong>\u00a0<\/strong><\/p>\n<p>&nbsp;<\/p>\n<p><strong>Informaci\u00f3n adicional<\/strong><\/p>\n<p><strong>TIPO DE PRODUCTO<\/strong>\u00a0<em>Cigarrillos\u00a0<\/em><\/p>\n<p><strong>MARCA<\/strong>\u00a0<em>Marlboro Crafted<\/em><\/p>\n<p><strong>PA\u00cdS\u00a0<\/strong><em>Argentina<\/em><\/p>\n<p><strong>FECHA DE RECOLECCI\u00d3N\u00a0<\/strong><em>Octubre 2023<\/em><\/p>\n","protected":false},"featured_media":1473,"template":"","meta":{"om_disable_all_campaigns":false,"rs_blank_template":"","rs_page_bg_color":"","slide_template_v7":"","_monsterinsights_skip_tracking":false,"_monsterinsights_sitenote_active":false,"_monsterinsights_sitenote_note":"","_monsterinsights_sitenote_category":0,"_uf_show_specific_survey":0,"_uf_disable_surveys":false},"product_brand":[],"product_cat":[913,289,300,364],"product_tag":[],"class_list":{"0":"post-1476","1":"product","2":"type-product","3":"status-publish","4":"has-post-thumbnail","6":"product_cat-2023-packs-es","7":"product_cat-argentina-es","8":"product_cat-cigarrillos","9":"product_cat-marlboro-crafted-es","11":"first","12":"instock","13":"shipping-taxable","14":"product-type-simple"},"aioseo_notices":[],"_links":{"self":[{"href":"https:\/\/remap.stir.ac.uk\/es\/wp-json\/wp\/v2\/product\/1476","targetHints":{"allow":["GET"]}}],"collection":[{"href":"https:\/\/remap.stir.ac.uk\/es\/wp-json\/wp\/v2\/product"}],"about":[{"href":"https:\/\/remap.stir.ac.uk\/es\/wp-json\/wp\/v2\/types\/product"}],"wp:featuredmedia":[{"embeddable":true,"href":"https:\/\/remap.stir.ac.uk\/es\/wp-json\/wp\/v2\/media\/1473"}],"wp:attachment":[{"href":"https:\/\/remap.stir.ac.uk\/es\/wp-json\/wp\/v2\/media?parent=1476"}],"wp:term":[{"taxonomy":"product_brand","embeddable":true,"href":"https:\/\/remap.stir.ac.uk\/es\/wp-json\/wp\/v2\/product_brand?post=1476"},{"taxonomy":"product_cat","embeddable":true,"href":"https:\/\/remap.stir.ac.uk\/es\/wp-json\/wp\/v2\/product_cat?post=1476"},{"taxonomy":"product_tag","embeddable":true,"href":"https:\/\/remap.stir.ac.uk\/es\/wp-json\/wp\/v2\/product_tag?post=1476"}],"curies":[{"name":"wp","href":"https:\/\/api.w.org\/{rel}","templated":true}]}}