{"id":15265,"date":"2024-10-18T08:26:16","date_gmt":"2024-10-18T08:26:16","guid":{"rendered":"https:\/\/remap.stir.ac.uk\/?post_type=product&#038;p=15265"},"modified":"2024-10-18T08:26:41","modified_gmt":"2024-10-18T08:26:41","slug":"luckies-galpao","status":"publish","type":"product","link":"https:\/\/remap.stir.ac.uk\/es\/producto\/luckies-galpao\/","title":{"rendered":"Luckies Galpao"},"content":{"rendered":"","protected":false},"excerpt":{"rendered":"<p><strong>Marca y variedad:<\/strong>\u00a0Luckies Galpao<\/p>\n<p><strong>Cantidad:<\/strong>\u00a030 gramos<\/p>\n<p><strong>Tipo de paquete:<\/strong>\u00a0Pouch<\/p>\n<p><strong>Material del paquete:<\/strong>\u00a0Pl\u00e1stico<\/p>\n<p><strong>Funda o cubierta del paquete:<\/strong>\u00a0No<\/p>\n<p><strong>Inserto:<\/strong>\u00a0No<\/p>\n<p><strong>Tabaco saborizados:<\/strong>\u00a0No<\/p>\n<p><strong>Edici\u00f3n limitada\/especial:\u00a0<\/strong>No<\/p>\n<p><strong>Comunicaci\u00f3n adicional:\u00a0<\/strong>S\u00ed (N\u00famero de tel\u00e9fono, Sitio Web)<\/p>\n<p><strong>Ubicaci\u00f3n:<\/strong>\u00a0Ciudad Aut\u00f3noma de Buenos Aires, Argentina<\/p>\n<p><strong>Tipo de punto de venta:<\/strong>\u00a0Tienda de barrio<\/p>\n<p><strong>Precio: <\/strong>6000 pesos argentinos (6.20 US d\u00f3lares)<\/p>\n<p><strong>\u00a0<\/strong><\/p>\n<p>&nbsp;<\/p>\n<p><strong>Informaci\u00f3n adicional<\/strong><\/p>\n<p><strong>TIPO DE PRODUCTO<\/strong>\u00a0<em>Tabaco para armar <\/em><\/p>\n<p><strong>MARCA<\/strong>\u00a0<em>Luckies<\/em><\/p>\n<p><strong>PA\u00cdS\u00a0<\/strong><em>Argentina<\/em><\/p>\n<p><strong>FECHA DE RECOLECCI\u00d3N\u00a0<\/strong><em>Septiembre 2024<\/em><\/p>\n","protected":false},"featured_media":15256,"template":"","meta":{"om_disable_all_campaigns":false,"rs_blank_template":"","rs_page_bg_color":"","slide_template_v7":"","_monsterinsights_skip_tracking":false,"_monsterinsights_sitenote_active":false,"_monsterinsights_sitenote_note":"","_monsterinsights_sitenote_category":0,"_uf_show_specific_survey":0,"_uf_disable_surveys":false},"product_brand":[],"product_cat":[555,828,742,912],"product_tag":[],"class_list":{"0":"post-15265","1":"product","2":"type-product","3":"status-publish","4":"has-post-thumbnail","6":"product_cat-2024-tabaco-para-armar","7":"product_cat-argentina-2-es","8":"product_cat-luckies-es","9":"product_cat-rolling-tobacco-brands-es","11":"first","12":"instock","13":"shipping-taxable","14":"product-type-simple"},"aioseo_notices":[],"_links":{"self":[{"href":"https:\/\/remap.stir.ac.uk\/es\/wp-json\/wp\/v2\/product\/15265","targetHints":{"allow":["GET"]}}],"collection":[{"href":"https:\/\/remap.stir.ac.uk\/es\/wp-json\/wp\/v2\/product"}],"about":[{"href":"https:\/\/remap.stir.ac.uk\/es\/wp-json\/wp\/v2\/types\/product"}],"wp:featuredmedia":[{"embeddable":true,"href":"https:\/\/remap.stir.ac.uk\/es\/wp-json\/wp\/v2\/media\/15256"}],"wp:attachment":[{"href":"https:\/\/remap.stir.ac.uk\/es\/wp-json\/wp\/v2\/media?parent=15265"}],"wp:term":[{"taxonomy":"product_brand","embeddable":true,"href":"https:\/\/remap.stir.ac.uk\/es\/wp-json\/wp\/v2\/product_brand?post=15265"},{"taxonomy":"product_cat","embeddable":true,"href":"https:\/\/remap.stir.ac.uk\/es\/wp-json\/wp\/v2\/product_cat?post=15265"},{"taxonomy":"product_tag","embeddable":true,"href":"https:\/\/remap.stir.ac.uk\/es\/wp-json\/wp\/v2\/product_tag?post=15265"}],"curies":[{"name":"wp","href":"https:\/\/api.w.org\/{rel}","templated":true}]}}