{"id":16519,"date":"2024-11-14T18:45:49","date_gmt":"2024-11-14T18:45:49","guid":{"rendered":"https:\/\/remap.stir.ac.uk\/?post_type=product&#038;p=16519"},"modified":"2024-11-14T18:46:10","modified_gmt":"2024-11-14T18:46:10","slug":"ocb-organic","status":"publish","type":"product","link":"https:\/\/remap.stir.ac.uk\/es\/producto\/ocb-organic\/","title":{"rendered":"OCB Organic"},"content":{"rendered":"","protected":false},"excerpt":{"rendered":"<p><strong>Marca y variedad:<\/strong>\u00a0OCB C\u00e1\u00f1amo Org\u00e1nico<\/p>\n<p><strong>Papel Saborizado: <\/strong>No<\/p>\n<p><strong>Edici\u00f3n limitada\/especial:<\/strong>\u00a0No<\/p>\n<p><strong>Comunicaci\u00f3n adicional: <\/strong>S\u00ed (Sitio web, c\u00f3digo QR)<\/p>\n<p><strong>Color primario del papel: <\/strong>Crudo<\/p>\n<p><strong>Material del papel: <\/strong>Papel<\/p>\n<p><strong>Tama\u00f1o del papel: <\/strong>Est\u00e1ndar (1 \u00bc)<\/p>\n<p><strong>Ubicaci\u00f3n:<\/strong>\u00a0Ciudad Aut\u00f3noma de Buenos Aires, Argentina<\/p>\n<p><strong>Tipo de punto de venta:<\/strong>\u00a0Tienda de barrio<\/p>\n<p><strong>Precio:<\/strong>\u00a0850 pesos argentinos (1.00 US d\u00f3lares)<\/p>\n<p><strong>\u00a0<\/strong><\/p>\n<p>&nbsp;<\/p>\n<p><strong>Informaci\u00f3n Adicional<\/strong><\/p>\n<p><strong>TIPO DE PRODUCTO <\/strong><em>Papel de tabaco para armar<\/em><\/p>\n<p><strong>MARCA <\/strong><em>OCB<\/em><\/p>\n<p><strong>PA\u00cdS\u00a0<\/strong><em>Argentina<\/em><\/p>\n<p><strong>FECHA DE RECOLECCI\u00d3N<\/strong><em> Febrero 2024<\/em><\/p>\n","protected":false},"featured_media":16514,"template":"","meta":{"om_disable_all_campaigns":false,"rs_blank_template":"","rs_page_bg_color":"","slide_template_v7":"","_monsterinsights_skip_tracking":false,"_monsterinsights_sitenote_active":false,"_monsterinsights_sitenote_note":"","_monsterinsights_sitenote_category":0,"_uf_show_specific_survey":0,"_uf_disable_surveys":false},"product_brand":[],"product_cat":[302,892,887,1010,986],"product_tag":[],"class_list":{"0":"post-16519","1":"product","2":"type-product","3":"status-publish","4":"has-post-thumbnail","6":"product_cat-accesorios-de-tabaco-para-armar","7":"product_cat-accesorios-de-tabaco-para-armar-2024","8":"product_cat-argentina-3-es","9":"product_cat-ocb-es","10":"product_cat-papelitos","12":"first","13":"instock","14":"shipping-taxable","15":"product-type-simple"},"aioseo_notices":[],"_links":{"self":[{"href":"https:\/\/remap.stir.ac.uk\/es\/wp-json\/wp\/v2\/product\/16519","targetHints":{"allow":["GET"]}}],"collection":[{"href":"https:\/\/remap.stir.ac.uk\/es\/wp-json\/wp\/v2\/product"}],"about":[{"href":"https:\/\/remap.stir.ac.uk\/es\/wp-json\/wp\/v2\/types\/product"}],"wp:featuredmedia":[{"embeddable":true,"href":"https:\/\/remap.stir.ac.uk\/es\/wp-json\/wp\/v2\/media\/16514"}],"wp:attachment":[{"href":"https:\/\/remap.stir.ac.uk\/es\/wp-json\/wp\/v2\/media?parent=16519"}],"wp:term":[{"taxonomy":"product_brand","embeddable":true,"href":"https:\/\/remap.stir.ac.uk\/es\/wp-json\/wp\/v2\/product_brand?post=16519"},{"taxonomy":"product_cat","embeddable":true,"href":"https:\/\/remap.stir.ac.uk\/es\/wp-json\/wp\/v2\/product_cat?post=16519"},{"taxonomy":"product_tag","embeddable":true,"href":"https:\/\/remap.stir.ac.uk\/es\/wp-json\/wp\/v2\/product_tag?post=16519"}],"curies":[{"name":"wp","href":"https:\/\/api.w.org\/{rel}","templated":true}]}}