{"id":20999,"date":"2025-07-03T20:27:00","date_gmt":"2025-07-03T20:27:00","guid":{"rendered":"https:\/\/remap.stir.ac.uk\/?post_type=product&#038;p=20999"},"modified":"2025-07-03T20:27:23","modified_gmt":"2025-07-03T20:27:23","slug":"gizeh-10","status":"publish","type":"product","link":"https:\/\/remap.stir.ac.uk\/es\/producto\/gizeh-10\/","title":{"rendered":"Gizeh"},"content":{"rendered":"","protected":false},"excerpt":{"rendered":"<p><strong>Marca y variedad: <\/strong>Gizeh XXL Slim<\/p>\n<p><strong>Sabor\/c\u00e1psula del filtro: <\/strong>No<\/p>\n<p><strong>Edici\u00f3n limitada\/especial:<\/strong>\u00a0No<\/p>\n<p><strong>Comunicaci\u00f3n adicional: <\/strong>S\u00ed (N\u00famero de tel\u00e9fono, sitio web, correo electr\u00f3nico)<\/p>\n<p><strong>Material del filtro: <\/strong>Acetato<\/p>\n<p><strong>Color del filtro:<\/strong> Blanco<\/p>\n<p><strong>Tama\u00f1o del filtro: <\/strong>Fino<\/p>\n<p><strong>Ubicaci\u00f3n:<\/strong>\u00a0Ciudad Aut\u00f3noma de Buenos Aires, Argentina<\/p>\n<p><strong>Tipo de punto de venta:<\/strong>\u00a0Tienda de barrio<\/p>\n<p><strong>Precio:<\/strong>\u00a01700 pesos argentinos (2.00 US d\u00f3lares)<\/p>\n<p><strong>\u00a0<\/strong><\/p>\n<p><strong>Informaci\u00f3n Adicional<\/strong><\/p>\n<p><strong>TIPO DE PRODUCTO <\/strong><em>Filtros<\/em><\/p>\n<p><strong>MARCA<\/strong>\u00a0<em>Gizeh<\/em><\/p>\n<p><strong>PA\u00cdS\u00a0<\/strong><em>Argentina<\/em><\/p>\n<p><strong>FECHA DE RECOLECCI\u00d3N<\/strong><em> Febrero 2024<\/em><\/p>\n","protected":false},"featured_media":20996,"template":"","meta":{"om_disable_all_campaigns":false,"rs_blank_template":"","rs_page_bg_color":"","slide_template_v7":"","_monsterinsights_skip_tracking":false,"_monsterinsights_sitenote_active":false,"_monsterinsights_sitenote_note":"","_monsterinsights_sitenote_category":0,"_uf_show_specific_survey":0,"_uf_disable_surveys":false},"product_brand":[],"product_cat":[302,892,887,975,977],"product_tag":[],"class_list":{"0":"post-20999","1":"product","2":"type-product","3":"status-publish","4":"has-post-thumbnail","6":"product_cat-accesorios-de-tabaco-para-armar","7":"product_cat-accesorios-de-tabaco-para-armar-2024","8":"product_cat-argentina-3-es","9":"product_cat-filtros","10":"product_cat-gizeh-2-es","12":"first","13":"instock","14":"shipping-taxable","15":"product-type-simple"},"aioseo_notices":[],"_links":{"self":[{"href":"https:\/\/remap.stir.ac.uk\/es\/wp-json\/wp\/v2\/product\/20999","targetHints":{"allow":["GET"]}}],"collection":[{"href":"https:\/\/remap.stir.ac.uk\/es\/wp-json\/wp\/v2\/product"}],"about":[{"href":"https:\/\/remap.stir.ac.uk\/es\/wp-json\/wp\/v2\/types\/product"}],"wp:featuredmedia":[{"embeddable":true,"href":"https:\/\/remap.stir.ac.uk\/es\/wp-json\/wp\/v2\/media\/20996"}],"wp:attachment":[{"href":"https:\/\/remap.stir.ac.uk\/es\/wp-json\/wp\/v2\/media?parent=20999"}],"wp:term":[{"taxonomy":"product_brand","embeddable":true,"href":"https:\/\/remap.stir.ac.uk\/es\/wp-json\/wp\/v2\/product_brand?post=20999"},{"taxonomy":"product_cat","embeddable":true,"href":"https:\/\/remap.stir.ac.uk\/es\/wp-json\/wp\/v2\/product_cat?post=20999"},{"taxonomy":"product_tag","embeddable":true,"href":"https:\/\/remap.stir.ac.uk\/es\/wp-json\/wp\/v2\/product_tag?post=20999"}],"curies":[{"name":"wp","href":"https:\/\/api.w.org\/{rel}","templated":true}]}}