{"id":4966,"date":"2024-02-13T05:48:14","date_gmt":"2024-02-13T05:48:14","guid":{"rendered":"https:\/\/remap.stir.ac.uk\/product\/marlboro-ruby-ice\/"},"modified":"2024-06-27T15:55:35","modified_gmt":"2024-06-27T15:55:35","slug":"marlboro-ruby-ice","status":"publish","type":"product","link":"https:\/\/remap.stir.ac.uk\/es\/producto\/marlboro-ruby-ice\/","title":{"rendered":"Marlboro Ruby Ice"},"content":{"rendered":"","protected":false},"excerpt":{"rendered":"<p><strong>Marca y variedad:<\/strong>\u00a0Marlboro Ruby Ice<\/p>\n<p><strong>Cantidad:<\/strong>\u00a020<\/p>\n<p><strong>Tipo de paquete:<\/strong>Paquete r\u00edgido<\/p>\n<p><strong>Material de la paquete:<\/strong>\u00a0Cart\u00f3n<\/p>\n<p><strong>Funda o cubierta de la paquete:<\/strong>\u00a0S\u00ed<\/p>\n<p><strong>Inserto:<\/strong>\u00a0No<\/p>\n<p><strong>Cigarrillos saborizados (sin c\u00e1psula):<\/strong> No<\/p>\n<p><strong>Cigarrillos saborizados (c\u00e1psula):<\/strong> S\u00ed &#8211; 2 c\u00e1psulas<\/p>\n<p><strong>Edici\u00f3n limitada\/especial:\u00a0<\/strong>No<\/p>\n<p><strong>Comunicaci\u00f3n adicional:\u00a0<\/strong>S\u00ed (N\u00famero de tel\u00e9fono)<\/p>\n<p><strong>Ubicaci\u00f3n:<\/strong>\u00a0Arequipa, Per\u00fa<\/p>\n<p><strong>Tipo de punto de venta:<\/strong>\u00a0Tienda de barrio<\/p>\n<p><strong>Precio:<\/strong> 20.00 soles peruanos (5.40 US d\u00f3lares)<\/p>\n<p><strong>\u00a0<\/strong><\/p>\n<p>&nbsp;<\/p>\n<p><strong>Informaci\u00f3n adicional<\/strong><\/p>\n<p><strong>TIPO DE PRODUCTO<\/strong>\u00a0<em>Cigarrillos<\/em><\/p>\n<p><strong>MARCA<\/strong>\u00a0<em>Marlboro<\/em><\/p>\n<p><strong>PA\u00cdS\u00a0<\/strong><em>Per\u00fa<\/em><\/p>\n<p><strong>FECHA DE RECOLECCI\u00d3N\u00a0<\/strong><em>Mayo 2023<\/em><\/p>\n","protected":false},"featured_media":4949,"template":"","meta":{"om_disable_all_campaigns":false,"rs_blank_template":"","rs_page_bg_color":"","slide_template_v7":"","_monsterinsights_skip_tracking":false,"_monsterinsights_sitenote_active":false,"_monsterinsights_sitenote_note":"","_monsterinsights_sitenote_category":0,"_uf_show_specific_survey":0,"_uf_disable_surveys":false},"product_brand":[],"product_cat":[913,300,260,293],"product_tag":[],"class_list":{"0":"post-4966","1":"product","2":"type-product","3":"status-publish","4":"has-post-thumbnail","6":"product_cat-2023-packs-es","7":"product_cat-cigarrillos","8":"product_cat-marlboro-es","9":"product_cat-peru-es","11":"first","12":"instock","13":"shipping-taxable","14":"product-type-simple"},"aioseo_notices":[],"_links":{"self":[{"href":"https:\/\/remap.stir.ac.uk\/es\/wp-json\/wp\/v2\/product\/4966","targetHints":{"allow":["GET"]}}],"collection":[{"href":"https:\/\/remap.stir.ac.uk\/es\/wp-json\/wp\/v2\/product"}],"about":[{"href":"https:\/\/remap.stir.ac.uk\/es\/wp-json\/wp\/v2\/types\/product"}],"wp:featuredmedia":[{"embeddable":true,"href":"https:\/\/remap.stir.ac.uk\/es\/wp-json\/wp\/v2\/media\/4949"}],"wp:attachment":[{"href":"https:\/\/remap.stir.ac.uk\/es\/wp-json\/wp\/v2\/media?parent=4966"}],"wp:term":[{"taxonomy":"product_brand","embeddable":true,"href":"https:\/\/remap.stir.ac.uk\/es\/wp-json\/wp\/v2\/product_brand?post=4966"},{"taxonomy":"product_cat","embeddable":true,"href":"https:\/\/remap.stir.ac.uk\/es\/wp-json\/wp\/v2\/product_cat?post=4966"},{"taxonomy":"product_tag","embeddable":true,"href":"https:\/\/remap.stir.ac.uk\/es\/wp-json\/wp\/v2\/product_tag?post=4966"}],"curies":[{"name":"wp","href":"https:\/\/api.w.org\/{rel}","templated":true}]}}