{"id":5111,"date":"2024-02-14T23:40:29","date_gmt":"2024-02-14T23:40:29","guid":{"rendered":"https:\/\/remap.stir.ac.uk\/product\/lucky-strike-atomic\/"},"modified":"2024-06-18T16:09:17","modified_gmt":"2024-06-18T16:09:17","slug":"lucky-strike-atomic","status":"publish","type":"product","link":"https:\/\/remap.stir.ac.uk\/es\/producto\/lucky-strike-atomic\/","title":{"rendered":"Lucky Strike Atomic"},"content":{"rendered":"","protected":false},"excerpt":{"rendered":"<p style=\"font-weight: 400;\"><strong>Marca y variedad:<\/strong>\u00a0Lucky Strike Atomic<\/p>\n<p style=\"font-weight: 400;\"><strong>Cantidad:<\/strong>\u00a020<\/p>\n<p style=\"font-weight: 400;\"><strong>Tipo de paquete:<\/strong>\u00a0R\u00edgido<\/p>\n<p style=\"font-weight: 400;\"><strong>Material de la paquete:<\/strong>\u00a0Cart\u00f3n<\/p>\n<p style=\"font-weight: 400;\"><strong>Funda o cubierta de la paquete:<\/strong>\u00a0No<\/p>\n<p style=\"font-weight: 400;\"><strong>Inserto:<\/strong>\u00a0No<\/p>\n<p style=\"font-weight: 400;\"><strong>Cigarrillos saborizados <span lang=\"ES-GT\">(sin c\u00e1psula)<\/span>:<\/strong>\u00a0No<\/p>\n<p style=\"font-weight: 400;\"><strong>Cigarrillos saborizados (c\u00e1psula):<\/strong>\u00a0S\u00ed \u2013 1 c\u00e1psula<\/p>\n<p style=\"font-weight: 400;\"><strong>Edici\u00f3n limitada\/especial:\u00a0<\/strong>No<\/p>\n<p style=\"font-weight: 400;\"><strong>Comunicaci\u00f3n adicional:\u00a0<\/strong>S\u00ed (n\u00famero de tel\u00e9fono)<\/p>\n<p style=\"font-weight: 400;\"><strong>Ubicaci\u00f3n:<\/strong>\u00a0Tecp\u00e1n, Guatemala<\/p>\n<p style=\"font-weight: 400;\"><strong>Tipo de punto de venta:<\/strong> Tienda de barrio<\/p>\n<p style=\"font-weight: 400;\"><strong>Precio:<\/strong>\u00a026.00 Quetzales Guatemaltecos (3.29 US d\u00f3lares)<\/p>\n<p style=\"font-weight: 400;\"><strong>\u00a0<\/strong><\/p>\n<p style=\"font-weight: 400;\"><strong>Informaci\u00f3n adicional<\/strong><\/p>\n<p style=\"font-weight: 400;\"><strong>TIPO DE PRODUCTO<\/strong>\u00a0<em>Cigarrillos <\/em><\/p>\n<p style=\"font-weight: 400;\"><strong>MARCA<\/strong>\u00a0<em>Lucky Strike<\/em><\/p>\n<p style=\"font-weight: 400;\"><strong>PA\u00cdS\u00a0<\/strong><em>Guatemala<\/em><\/p>\n<p style=\"font-weight: 400;\"><strong>FECHA DE RECOLECCI\u00d3N\u00a0<\/strong><em>Mayo 2023<\/em><\/p>\n","protected":false},"featured_media":5096,"template":"","meta":{"om_disable_all_campaigns":false,"rs_blank_template":"","rs_page_bg_color":"","slide_template_v7":"","_monsterinsights_skip_tracking":false,"_monsterinsights_sitenote_active":false,"_monsterinsights_sitenote_note":"","_monsterinsights_sitenote_category":0,"_uf_show_specific_survey":0,"_uf_disable_surveys":false},"product_brand":[],"product_cat":[913,291,259],"product_tag":[],"class_list":{"0":"post-5111","1":"product","2":"type-product","3":"status-publish","4":"has-post-thumbnail","6":"product_cat-2023-packs-es","7":"product_cat-guatemala-es","8":"product_cat-lucky-strike-es","10":"first","11":"instock","12":"shipping-taxable","13":"product-type-simple"},"aioseo_notices":[],"_links":{"self":[{"href":"https:\/\/remap.stir.ac.uk\/es\/wp-json\/wp\/v2\/product\/5111","targetHints":{"allow":["GET"]}}],"collection":[{"href":"https:\/\/remap.stir.ac.uk\/es\/wp-json\/wp\/v2\/product"}],"about":[{"href":"https:\/\/remap.stir.ac.uk\/es\/wp-json\/wp\/v2\/types\/product"}],"wp:featuredmedia":[{"embeddable":true,"href":"https:\/\/remap.stir.ac.uk\/es\/wp-json\/wp\/v2\/media\/5096"}],"wp:attachment":[{"href":"https:\/\/remap.stir.ac.uk\/es\/wp-json\/wp\/v2\/media?parent=5111"}],"wp:term":[{"taxonomy":"product_brand","embeddable":true,"href":"https:\/\/remap.stir.ac.uk\/es\/wp-json\/wp\/v2\/product_brand?post=5111"},{"taxonomy":"product_cat","embeddable":true,"href":"https:\/\/remap.stir.ac.uk\/es\/wp-json\/wp\/v2\/product_cat?post=5111"},{"taxonomy":"product_tag","embeddable":true,"href":"https:\/\/remap.stir.ac.uk\/es\/wp-json\/wp\/v2\/product_tag?post=5111"}],"curies":[{"name":"wp","href":"https:\/\/api.w.org\/{rel}","templated":true}]}}