{"id":5144,"date":"2024-02-15T00:07:10","date_gmt":"2024-02-15T00:07:10","guid":{"rendered":"https:\/\/remap.stir.ac.uk\/product\/belmont-red\/"},"modified":"2024-02-15T00:09:03","modified_gmt":"2024-02-15T00:09:03","slug":"belmont-red","status":"publish","type":"product","link":"https:\/\/remap.stir.ac.uk\/es\/producto\/belmont-red\/","title":{"rendered":"Belmont Red"},"content":{"rendered":"","protected":false},"excerpt":{"rendered":"<div>\n<p><strong><span lang=\"ES-GT\">Marca y variedad:<\/span><\/strong><span lang=\"ES-GT\">\u00a0Belmont Rojo<\/span><\/p>\n<\/div>\n<div>\n<p><strong><span lang=\"ES-GT\">Cantidad:<\/span><\/strong><span lang=\"ES-GT\">\u00a020<\/span><\/p>\n<\/div>\n<div>\n<p><strong><span lang=\"ES-GT\">Tipo de paquete:<\/span><\/strong><span lang=\"ES-GT\">\u00a0Suave<\/span><\/p>\n<\/div>\n<div>\n<p><strong><span lang=\"ES-GT\">Material de la paquete:<\/span><\/strong><span lang=\"ES-GT\">\u00a0Papel y aluminio<\/span><\/p>\n<\/div>\n<div>\n<p><strong><span lang=\"ES-GT\">Funda o cubierta de la paquete:<\/span><\/strong><span lang=\"ES-GT\">\u00a0No<\/span><\/p>\n<\/div>\n<div>\n<p><strong><span lang=\"ES-GT\">Inserto:<\/span><\/strong><span lang=\"ES-GT\">\u00a0No<\/span><\/p>\n<\/div>\n<div>\n<p><strong><span lang=\"ES-GT\">Cigarrillos saborizados:<\/span><\/strong><span lang=\"ES-GT\">\u00a0No<\/span><\/p>\n<\/div>\n<div>\n<p><strong><span lang=\"ES-GT\">Cigarrillos con\u00a0c\u00e1psula:<\/span><\/strong><span lang=\"ES-GT\">\u00a0No<\/span><\/p>\n<\/div>\n<div>\n<p><strong><span lang=\"ES-GT\">Edici\u00f3n limitada\/especial:\u00a0<\/span><\/strong><span lang=\"ES-GT\">No<\/span><\/p>\n<\/div>\n<div>\n<p><strong><span lang=\"ES-GT\">Comunicaci\u00f3n adicional:\u00a0<\/span><\/strong><span lang=\"ES-GT\">S\u00ed (n\u00famero de tel\u00e9fono)<\/span><\/p>\n<\/div>\n<div>\n<p><strong><span lang=\"ES-GT\">Ubicaci\u00f3n:<\/span><\/strong><span lang=\"ES-GT\">\u00a0Ciudad de Guatemala, Guatemala<\/span><\/p>\n<\/div>\n<div>\n<p><strong><span lang=\"ES-GT\">Tipo de punto de venta:<\/span><\/strong><span lang=\"ES-GT\"> Estaci\u00f3n de servicio<\/span><\/p>\n<\/div>\n<div>\n<p><strong><span lang=\"ES-GT\">Precio:<\/span><\/strong><span lang=\"ES-GT\">\u00a023.95 Quetzales Guatemaltecos (3.03 US d\u00f3lares)<\/span><\/p>\n<\/div>\n<div>\n<p><strong><span lang=\"ES-GT\">\u00a0<\/span><\/strong><\/p>\n<\/div>\n<div>\n<p><span lang=\"ES-GT\">\u00a0<\/span><\/p>\n<\/div>\n<div>\n<p><strong><span lang=\"ES-GT\">Informaci\u00f3n adicional<\/span><\/strong><\/p>\n<\/div>\n<div>\n<p><strong><span lang=\"ES-GT\">TIPO DE PRODUCTO<\/span><\/strong><span lang=\"ES-GT\">\u00a0<\/span><em><span lang=\"ES-GT\">Cigarrillos <\/span><\/em><\/p>\n<\/div>\n<div>\n<p><strong><span lang=\"ES-GT\">MARCA<\/span><\/strong><span lang=\"ES-GT\">\u00a0<\/span><em><span lang=\"ES-GT\">Belmont<\/span><\/em><\/p>\n<\/div>\n<div>\n<p><strong><span lang=\"ES-GT\">PA\u00cdS\u00a0<\/span><\/strong><em><span lang=\"ES-GT\">Guatemala<\/span><\/em><\/p>\n<\/div>\n<div>\n<p><strong><span lang=\"ES-GT\">FECHA DE RECOLECCI\u00d3N\u00a0<\/span><\/strong><em><span lang=\"ES-GT\">Mayo 2023<\/span><\/em><\/p>\n<\/div>\n","protected":false},"featured_media":5131,"template":"","meta":{"om_disable_all_campaigns":false,"rs_blank_template":"","rs_page_bg_color":"","slide_template_v7":"","_monsterinsights_skip_tracking":false,"_monsterinsights_sitenote_active":false,"_monsterinsights_sitenote_note":"","_monsterinsights_sitenote_category":0,"_uf_show_specific_survey":0,"_uf_disable_surveys":false},"product_brand":[],"product_cat":[913,246,291],"product_tag":[],"class_list":{"0":"post-5144","1":"product","2":"type-product","3":"status-publish","4":"has-post-thumbnail","6":"product_cat-2023-packs-es","7":"product_cat-belmont-es","8":"product_cat-guatemala-es","10":"first","11":"instock","12":"shipping-taxable","13":"product-type-simple"},"aioseo_notices":[],"_links":{"self":[{"href":"https:\/\/remap.stir.ac.uk\/es\/wp-json\/wp\/v2\/product\/5144","targetHints":{"allow":["GET"]}}],"collection":[{"href":"https:\/\/remap.stir.ac.uk\/es\/wp-json\/wp\/v2\/product"}],"about":[{"href":"https:\/\/remap.stir.ac.uk\/es\/wp-json\/wp\/v2\/types\/product"}],"wp:featuredmedia":[{"embeddable":true,"href":"https:\/\/remap.stir.ac.uk\/es\/wp-json\/wp\/v2\/media\/5131"}],"wp:attachment":[{"href":"https:\/\/remap.stir.ac.uk\/es\/wp-json\/wp\/v2\/media?parent=5144"}],"wp:term":[{"taxonomy":"product_brand","embeddable":true,"href":"https:\/\/remap.stir.ac.uk\/es\/wp-json\/wp\/v2\/product_brand?post=5144"},{"taxonomy":"product_cat","embeddable":true,"href":"https:\/\/remap.stir.ac.uk\/es\/wp-json\/wp\/v2\/product_cat?post=5144"},{"taxonomy":"product_tag","embeddable":true,"href":"https:\/\/remap.stir.ac.uk\/es\/wp-json\/wp\/v2\/product_tag?post=5144"}],"curies":[{"name":"wp","href":"https:\/\/api.w.org\/{rel}","templated":true}]}}