{"id":5396,"date":"2024-02-15T03:18:48","date_gmt":"2024-02-15T03:18:48","guid":{"rendered":"https:\/\/remap.stir.ac.uk\/product\/lucky-strike-verdes\/"},"modified":"2024-06-18T15:47:15","modified_gmt":"2024-06-18T15:47:15","slug":"lucky-strike-verdes","status":"publish","type":"product","link":"https:\/\/remap.stir.ac.uk\/es\/producto\/lucky-strike-verdes\/","title":{"rendered":"Lucky Strike Verdes"},"content":{"rendered":"","protected":false},"excerpt":{"rendered":"<div>\n<p><strong><span lang=\"ES-GT\">Marca y variedad:<\/span><\/strong><span lang=\"ES-GT\">\u00a0Lucky Strike Verdes<\/span><\/p>\n<\/div>\n<div>\n<p><strong><span lang=\"ES-GT\">Cantidad:<\/span><\/strong><span lang=\"ES-GT\">\u00a020<\/span><\/p>\n<\/div>\n<div>\n<p><strong><span lang=\"ES-GT\">Tipo de paquete:<\/span><\/strong><span lang=\"ES-GT\">\u00a0R\u00edgido<\/span><\/p>\n<\/div>\n<div>\n<p><strong><span lang=\"ES-GT\">Material de la paquete:<\/span><\/strong><span lang=\"ES-GT\">\u00a0Cart\u00f3n<\/span><\/p>\n<\/div>\n<div>\n<p><strong><span lang=\"ES-GT\">Funda o cubierta de la paquete:<\/span><\/strong><span lang=\"ES-GT\">\u00a0No<\/span><\/p>\n<\/div>\n<div>\n<p><strong><span lang=\"ES-GT\">Inserto:<\/span><\/strong><span lang=\"ES-GT\">\u00a0No<\/span><\/p>\n<\/div>\n<div>\n<p><strong><span lang=\"ES-GT\">Cigarrillos saborizados (sin c\u00e1psula):<\/span><\/strong><span lang=\"ES-GT\">\u00a0No<\/span><\/p>\n<\/div>\n<div>\n<p><strong><span lang=\"ES-GT\">Cigarrillos saborizados (c\u00e1psula):<\/span><\/strong><span lang=\"ES-GT\">\u00a0S\u00ed \u2013 1 c\u00e1psula<\/span><\/p>\n<\/div>\n<div>\n<p><strong><span lang=\"ES-GT\">Edici\u00f3n limitada\/especial:\u00a0<\/span><\/strong><span lang=\"ES-GT\">No<\/span><\/p>\n<\/div>\n<div>\n<p><strong><span lang=\"ES-GT\">Comunicaci\u00f3n adicional:\u00a0<\/span><\/strong><span lang=\"ES-GT\">S\u00ed (n\u00famero telef\u00f3nico)<\/span><\/p>\n<\/div>\n<div>\n<p><strong><span lang=\"ES-GT\">Ubicaci\u00f3n:<\/span><\/strong><span lang=\"ES-GT\">\u00a0Ciudad de Guatemala, Guatemala<\/span><\/p>\n<\/div>\n<div>\n<p><strong><span lang=\"ES-GT\">Tipo de punto de venta:<\/span><\/strong><span lang=\"ES-GT\"> Tienda de conveniencia<\/span><\/p>\n<\/div>\n<div>\n<p><strong><span lang=\"ES-GT\">Precio:<\/span><\/strong><span lang=\"ES-GT\">\u00a018.00 Quetzales Guatemaltecos (2.28 US d\u00f3lares)<\/span><\/p>\n<\/div>\n<div>\n<p><strong><span lang=\"ES-GT\">\u00a0<\/span><\/strong><\/p>\n<\/div>\n<div>\n<p><span lang=\"ES-GT\">\u00a0<\/span><\/p>\n<\/div>\n<div>\n<p><strong><span lang=\"ES-GT\">Informaci\u00f3n adicional<\/span><\/strong><\/p>\n<\/div>\n<div>\n<p><strong><span lang=\"ES-GT\">TIPO DE PRODUCTO<\/span><\/strong><span lang=\"ES-GT\">\u00a0<\/span><em><span lang=\"ES-GT\">Cigarrillos <\/span><\/em><\/p>\n<\/div>\n<div>\n<p><strong><span lang=\"ES-GT\">MARCA<\/span><\/strong><span lang=\"ES-GT\">\u00a0<\/span><em><span lang=\"ES-GT\">Lucky Strike<\/span><\/em><\/p>\n<\/div>\n<div>\n<p><strong><span lang=\"ES-GT\">PA\u00cdS\u00a0<\/span><\/strong><em><span lang=\"ES-GT\">Guatemala<\/span><\/em><\/p>\n<\/div>\n<div>\n<p><strong><span lang=\"ES-GT\">FECHA DE RECOLECCI\u00d3N\u00a0<\/span><\/strong><em><span lang=\"ES-GT\">Mayo 2023<\/span><\/em><\/p>\n<\/div>\n","protected":false},"featured_media":5381,"template":"","meta":{"om_disable_all_campaigns":false,"rs_blank_template":"","rs_page_bg_color":"","slide_template_v7":"","_monsterinsights_skip_tracking":false,"_monsterinsights_sitenote_active":false,"_monsterinsights_sitenote_note":"","_monsterinsights_sitenote_category":0,"_uf_show_specific_survey":0,"_uf_disable_surveys":false},"product_brand":[],"product_cat":[913,300,291,259],"product_tag":[],"class_list":{"0":"post-5396","1":"product","2":"type-product","3":"status-publish","4":"has-post-thumbnail","6":"product_cat-2023-packs-es","7":"product_cat-cigarrillos","8":"product_cat-guatemala-es","9":"product_cat-lucky-strike-es","11":"first","12":"instock","13":"shipping-taxable","14":"product-type-simple"},"aioseo_notices":[],"_links":{"self":[{"href":"https:\/\/remap.stir.ac.uk\/es\/wp-json\/wp\/v2\/product\/5396","targetHints":{"allow":["GET"]}}],"collection":[{"href":"https:\/\/remap.stir.ac.uk\/es\/wp-json\/wp\/v2\/product"}],"about":[{"href":"https:\/\/remap.stir.ac.uk\/es\/wp-json\/wp\/v2\/types\/product"}],"wp:featuredmedia":[{"embeddable":true,"href":"https:\/\/remap.stir.ac.uk\/es\/wp-json\/wp\/v2\/media\/5381"}],"wp:attachment":[{"href":"https:\/\/remap.stir.ac.uk\/es\/wp-json\/wp\/v2\/media?parent=5396"}],"wp:term":[{"taxonomy":"product_brand","embeddable":true,"href":"https:\/\/remap.stir.ac.uk\/es\/wp-json\/wp\/v2\/product_brand?post=5396"},{"taxonomy":"product_cat","embeddable":true,"href":"https:\/\/remap.stir.ac.uk\/es\/wp-json\/wp\/v2\/product_cat?post=5396"},{"taxonomy":"product_tag","embeddable":true,"href":"https:\/\/remap.stir.ac.uk\/es\/wp-json\/wp\/v2\/product_tag?post=5396"}],"curies":[{"name":"wp","href":"https:\/\/api.w.org\/{rel}","templated":true}]}}