{"id":5704,"date":"2024-02-15T05:47:15","date_gmt":"2024-02-15T05:47:15","guid":{"rendered":"https:\/\/remap.stir.ac.uk\/product\/winston-classic-2\/"},"modified":"2024-06-19T07:32:11","modified_gmt":"2024-06-19T07:32:11","slug":"winston-classic-2","status":"publish","type":"product","link":"https:\/\/remap.stir.ac.uk\/es\/producto\/winston-classic-2\/","title":{"rendered":"Winston Classic (10)"},"content":{"rendered":"","protected":false},"excerpt":{"rendered":"<p><strong>Marca y variedad: <\/strong>Winston Classic<\/p>\n<p><strong>Cantidad: <\/strong>10<\/p>\n<p><strong>Tipo de cajetilla: <\/strong>Paquete R\u00edgido<\/p>\n<p><strong>Material de la cajetilla: <\/strong>Cart\u00f3n<\/p>\n<p><strong>Funda o cubierta de la cajetilla: <\/strong>No<\/p>\n<p><strong>Inserto: <\/strong>No<\/p>\n<p><strong>Cigarrillos saborizados (sin c\u00e1psula): <\/strong>No<\/p>\n<p><strong>Cigarrillos saborizados (c\u00e1psula): <\/strong>No<\/p>\n<p><strong>Edici\u00f3n limitada\/especial: <\/strong>No<\/p>\n<p><strong>Comunicaci\u00f3n adicional<\/strong>: S\u00ed (n\u00famero de tel\u00e9fono, sitio web)<\/p>\n<p><strong>Ubicaci\u00f3n: <\/strong>Pucallpa, Per\u00fa<\/p>\n<p><strong>Tipo de punto de venta: <\/strong>Tienda de barrio<\/p>\n<p><strong>Precio: <\/strong>9.00 soles peruanos (2.40 US d\u00f3lares)<\/p>\n<p>&nbsp;<\/p>\n<p>&nbsp;<\/p>\n<p><strong>Informaci\u00f3n adicional<\/strong><\/p>\n<p><strong>TIPO DE PRODUCTO <\/strong><em>Cigarrillos<\/em><\/p>\n<p><strong>MARCA <\/strong><em>Winston<\/em><\/p>\n<p><strong>PA\u00cdS <\/strong><em>Per\u00fa<\/em><\/p>\n<p><strong>FECHA DE RECOLECCI\u00d3N <\/strong><em>Mayo 2023<\/em><\/p>\n","protected":false},"featured_media":5687,"template":"","meta":{"om_disable_all_campaigns":false,"rs_blank_template":"","rs_page_bg_color":"","slide_template_v7":"","_monsterinsights_skip_tracking":false,"_monsterinsights_sitenote_active":false,"_monsterinsights_sitenote_note":"","_monsterinsights_sitenote_category":0,"_uf_show_specific_survey":0,"_uf_disable_surveys":false},"product_brand":[],"product_cat":[913,300,293,282],"product_tag":[],"class_list":{"0":"post-5704","1":"product","2":"type-product","3":"status-publish","4":"has-post-thumbnail","6":"product_cat-2023-packs-es","7":"product_cat-cigarrillos","8":"product_cat-peru-es","9":"product_cat-winston-es","11":"first","12":"instock","13":"shipping-taxable","14":"product-type-simple"},"aioseo_notices":[],"_links":{"self":[{"href":"https:\/\/remap.stir.ac.uk\/es\/wp-json\/wp\/v2\/product\/5704","targetHints":{"allow":["GET"]}}],"collection":[{"href":"https:\/\/remap.stir.ac.uk\/es\/wp-json\/wp\/v2\/product"}],"about":[{"href":"https:\/\/remap.stir.ac.uk\/es\/wp-json\/wp\/v2\/types\/product"}],"wp:featuredmedia":[{"embeddable":true,"href":"https:\/\/remap.stir.ac.uk\/es\/wp-json\/wp\/v2\/media\/5687"}],"wp:attachment":[{"href":"https:\/\/remap.stir.ac.uk\/es\/wp-json\/wp\/v2\/media?parent=5704"}],"wp:term":[{"taxonomy":"product_brand","embeddable":true,"href":"https:\/\/remap.stir.ac.uk\/es\/wp-json\/wp\/v2\/product_brand?post=5704"},{"taxonomy":"product_cat","embeddable":true,"href":"https:\/\/remap.stir.ac.uk\/es\/wp-json\/wp\/v2\/product_cat?post=5704"},{"taxonomy":"product_tag","embeddable":true,"href":"https:\/\/remap.stir.ac.uk\/es\/wp-json\/wp\/v2\/product_tag?post=5704"}],"curies":[{"name":"wp","href":"https:\/\/api.w.org\/{rel}","templated":true}]}}