{"id":5964,"date":"2024-02-20T07:49:09","date_gmt":"2024-02-20T07:49:09","guid":{"rendered":"https:\/\/remap.stir.ac.uk\/?post_type=product&#038;p=5964"},"modified":"2025-08-05T13:27:38","modified_gmt":"2025-08-05T13:27:38","slug":"5964","status":"publish","type":"product","link":"https:\/\/remap.stir.ac.uk\/es\/producto\/5964\/","title":{"rendered":"Benson &amp; Hedges Lux Sapphire"},"content":{"rendered":"","protected":false},"excerpt":{"rendered":"<p><strong>Marca y variedad:<\/strong>\u00a0Benson &amp; Hedges Lux Sapphire<\/p>\n<p><strong>Cantidad:<\/strong> 20<\/p>\n<p><strong>Tipo de paquete:<\/strong> Paquete r\u00edgido<\/p>\n<p><strong>Material del paquete: <\/strong>Cart\u00f3n<\/p>\n<p><strong>Funda o cubierta del paquete:<\/strong> No<\/p>\n<p><strong>Inserto:<\/strong>\u00a0No<\/p>\n<p><strong>Cigarrillos saborizados (sin c\u00e1psula):<\/strong>\u00a0No<\/p>\n<p><strong>Cigarrillos saborizados\u00a0(c\u00e1psula):<\/strong> S\u00ed &#8211; 2 c\u00e1psulas<\/p>\n<p><strong>Edici\u00f3n limitada\/especial:\u00a0<\/strong>No<\/p>\n<p><strong>Comunicaci\u00f3n adicional:<\/strong> S\u00ed (n\u00famero de tel\u00e9fono)<\/p>\n<p><strong>Ubicaci\u00f3n:<\/strong> Monterrey, M\u00e9xico<\/p>\n<p><strong>Tipo de punto de venta:<\/strong>\u00a0Tienda de conveniencia<\/p>\n<p><strong>Precio:\u00a0<\/strong>65.00 pesos mexicanos (3.65 US d\u00f3lares)<\/p>\n<p>&nbsp;<\/p>\n<p><strong>Informaci\u00f3n adicional<\/strong><\/p>\n<p><strong>TIPO DE PRODUCTO<\/strong>\u00a0<em>Paquete de cigarro\u00a0<\/em><\/p>\n<p><strong>MARCA<\/strong>\u00a0<em>Benson &amp; Hedges<\/em><\/p>\n<p><strong>PA\u00cdS\u00a0<\/strong><em>M\u00e9xico<\/em><em>\u00a0<\/em><\/p>\n<p><strong>FECHA DE RECOLECCI\u00d3N<\/strong><em> Junio 2023<\/em><\/p>\n","protected":false},"featured_media":5945,"template":"","meta":{"om_disable_all_campaigns":false,"rs_blank_template":"","rs_page_bg_color":"","slide_template_v7":"","_monsterinsights_skip_tracking":false,"_monsterinsights_sitenote_active":false,"_monsterinsights_sitenote_note":"","_monsterinsights_sitenote_category":0,"_uf_show_specific_survey":0,"_uf_disable_surveys":false},"product_brand":[],"product_cat":[913,247,300,292],"product_tag":[],"class_list":{"0":"post-5964","1":"product","2":"type-product","3":"status-publish","4":"has-post-thumbnail","6":"product_cat-2023-packs-es","7":"product_cat-benson-hedges-es","8":"product_cat-cigarrillos","9":"product_cat-mexico-es","11":"first","12":"instock","13":"shipping-taxable","14":"product-type-simple"},"aioseo_notices":[],"_links":{"self":[{"href":"https:\/\/remap.stir.ac.uk\/es\/wp-json\/wp\/v2\/product\/5964","targetHints":{"allow":["GET"]}}],"collection":[{"href":"https:\/\/remap.stir.ac.uk\/es\/wp-json\/wp\/v2\/product"}],"about":[{"href":"https:\/\/remap.stir.ac.uk\/es\/wp-json\/wp\/v2\/types\/product"}],"wp:featuredmedia":[{"embeddable":true,"href":"https:\/\/remap.stir.ac.uk\/es\/wp-json\/wp\/v2\/media\/5945"}],"wp:attachment":[{"href":"https:\/\/remap.stir.ac.uk\/es\/wp-json\/wp\/v2\/media?parent=5964"}],"wp:term":[{"taxonomy":"product_brand","embeddable":true,"href":"https:\/\/remap.stir.ac.uk\/es\/wp-json\/wp\/v2\/product_brand?post=5964"},{"taxonomy":"product_cat","embeddable":true,"href":"https:\/\/remap.stir.ac.uk\/es\/wp-json\/wp\/v2\/product_cat?post=5964"},{"taxonomy":"product_tag","embeddable":true,"href":"https:\/\/remap.stir.ac.uk\/es\/wp-json\/wp\/v2\/product_tag?post=5964"}],"curies":[{"name":"wp","href":"https:\/\/api.w.org\/{rel}","templated":true}]}}