{"id":6669,"date":"2024-03-07T00:15:32","date_gmt":"2024-03-07T00:15:32","guid":{"rendered":"https:\/\/remap.stir.ac.uk\/product\/marlboro-gold-3\/"},"modified":"2024-06-18T14:44:39","modified_gmt":"2024-06-18T14:44:39","slug":"marlboro-gold-3","status":"publish","type":"product","link":"https:\/\/remap.stir.ac.uk\/es\/producto\/marlboro-gold-3\/","title":{"rendered":"Marlboro Gold"},"content":{"rendered":"","protected":false},"excerpt":{"rendered":"<div>\n<p><strong><span lang=\"ES-GT\">Marca y variedad:<\/span><\/strong><span lang=\"ES-GT\">\u00a0Marlboro Gold<\/span><\/p>\n<\/div>\n<div>\n<p><strong><span lang=\"ES-GT\">Cantidad:<\/span><\/strong><span lang=\"ES-GT\">\u00a020<\/span><\/p>\n<\/div>\n<div>\n<p><strong><span lang=\"ES-GT\">Tipo de paquete:<\/span><\/strong><span lang=\"ES-GT\">\u00a0R\u00edgido<\/span><\/p>\n<\/div>\n<div>\n<p><strong><span lang=\"ES-GT\">Material de la paquete:<\/span><\/strong><span lang=\"ES-GT\">\u00a0Cart\u00f3n<\/span><\/p>\n<\/div>\n<div>\n<p><strong><span lang=\"ES-GT\">Funda o cubierta de la paquete:<\/span><\/strong><span lang=\"ES-GT\">\u00a0No<\/span><\/p>\n<\/div>\n<div>\n<p><strong><span lang=\"ES-GT\">Inserto:<\/span><\/strong><span lang=\"ES-GT\">\u00a0No<\/span><\/p>\n<\/div>\n<div>\n<p><strong><span lang=\"ES-GT\">Cigarrillos saborizados (sin c\u00e1psula):<\/span><\/strong><span lang=\"ES-GT\">\u00a0No<\/span><\/p>\n<\/div>\n<div>\n<p><strong><span lang=\"ES-GT\">Cigarrillos saborizados (c\u00e1psula):<\/span><\/strong><span lang=\"ES-GT\">\u00a0No<\/span><\/p>\n<\/div>\n<div>\n<p><strong><span lang=\"ES-GT\">Edici\u00f3n limitada\/especial:\u00a0<\/span><\/strong><span lang=\"ES-GT\">No<\/span><\/p>\n<\/div>\n<div>\n<p><strong><span lang=\"ES-GT\">Comunicaci\u00f3n adicional:\u00a0<\/span><\/strong><span lang=\"ES-GT\">S\u00ed (n\u00famero telef\u00f3nico)<\/span><\/p>\n<\/div>\n<div>\n<p><strong><span lang=\"ES-GT\">Ubicaci\u00f3n:<\/span><\/strong><span lang=\"ES-GT\"> Ciudad de Guatemala, Guatemala<\/span><\/p>\n<\/div>\n<div>\n<p><strong><span lang=\"ES-GT\">Tipo de punto de venta:<\/span><\/strong><span lang=\"ES-GT\"> Supermercado<\/span><\/p>\n<\/div>\n<div>\n<p><strong><span lang=\"ES-GT\">Precio:<\/span><\/strong><span lang=\"ES-GT\">\u00a030.00 Quetzales Guatemaltecos (3.80 US d\u00f3lares)<\/span><\/p>\n<\/div>\n<div>\n<p><strong><span lang=\"ES-GT\">\u00a0<\/span><\/strong><\/p>\n<\/div>\n<div>\n<p><span lang=\"ES-GT\">\u00a0<\/span><\/p>\n<\/div>\n<div>\n<p><strong><span lang=\"ES-GT\">Informaci\u00f3n adicional<\/span><\/strong><\/p>\n<\/div>\n<div>\n<p><strong><span lang=\"ES-GT\">TIPO DE PRODUCTO<\/span><\/strong><span lang=\"ES-GT\">\u00a0<\/span><em><span lang=\"ES-GT\">Cigarrillos <\/span><\/em><\/p>\n<\/div>\n<div>\n<p><strong><span lang=\"ES-GT\">MARCA<\/span><\/strong><span lang=\"ES-GT\">\u00a0<\/span><em><span lang=\"ES-GT\">Marlboro<\/span><\/em><\/p>\n<\/div>\n<div>\n<p><strong><span lang=\"ES-GT\">PA\u00cdS\u00a0<\/span><\/strong><em><span lang=\"ES-GT\">Guatemala<\/span><\/em><\/p>\n<\/div>\n<div>\n<p><strong><span lang=\"ES-GT\">FECHA DE RECOLECCI\u00d3N\u00a0<\/span><\/strong><em><span lang=\"ES-GT\">Mayo 2023<\/span><\/em><\/p>\n<\/div>\n","protected":false},"featured_media":6654,"template":"","meta":{"om_disable_all_campaigns":false,"rs_blank_template":"","rs_page_bg_color":"","slide_template_v7":"","_monsterinsights_skip_tracking":false,"_monsterinsights_sitenote_active":false,"_monsterinsights_sitenote_note":"","_monsterinsights_sitenote_category":0,"_uf_show_specific_survey":0,"_uf_disable_surveys":false},"product_brand":[],"product_cat":[913,300,291,260],"product_tag":[],"class_list":{"0":"post-6669","1":"product","2":"type-product","3":"status-publish","4":"has-post-thumbnail","6":"product_cat-2023-packs-es","7":"product_cat-cigarrillos","8":"product_cat-guatemala-es","9":"product_cat-marlboro-es","11":"first","12":"instock","13":"shipping-taxable","14":"product-type-simple"},"aioseo_notices":[],"_links":{"self":[{"href":"https:\/\/remap.stir.ac.uk\/es\/wp-json\/wp\/v2\/product\/6669","targetHints":{"allow":["GET"]}}],"collection":[{"href":"https:\/\/remap.stir.ac.uk\/es\/wp-json\/wp\/v2\/product"}],"about":[{"href":"https:\/\/remap.stir.ac.uk\/es\/wp-json\/wp\/v2\/types\/product"}],"wp:featuredmedia":[{"embeddable":true,"href":"https:\/\/remap.stir.ac.uk\/es\/wp-json\/wp\/v2\/media\/6654"}],"wp:attachment":[{"href":"https:\/\/remap.stir.ac.uk\/es\/wp-json\/wp\/v2\/media?parent=6669"}],"wp:term":[{"taxonomy":"product_brand","embeddable":true,"href":"https:\/\/remap.stir.ac.uk\/es\/wp-json\/wp\/v2\/product_brand?post=6669"},{"taxonomy":"product_cat","embeddable":true,"href":"https:\/\/remap.stir.ac.uk\/es\/wp-json\/wp\/v2\/product_cat?post=6669"},{"taxonomy":"product_tag","embeddable":true,"href":"https:\/\/remap.stir.ac.uk\/es\/wp-json\/wp\/v2\/product_tag?post=6669"}],"curies":[{"name":"wp","href":"https:\/\/api.w.org\/{rel}","templated":true}]}}